{"id":308,"date":"2018-01-15T23:58:47","date_gmt":"2018-01-15T20:58:47","guid":{"rendered":"https:\/\/beta.diora.ee\/wordpress\/?post_type=product&#038;p=308"},"modified":"2021-09-05T21:54:56","modified_gmt":"2021-09-05T18:54:56","slug":"kaekott-9","status":"publish","type":"product","link":"https:\/\/beta.diora.ee\/wordpress\/product\/kaekott-9\/","title":{"rendered":"K\u00e4ekott"},"content":{"rendered":"","protected":false},"excerpt":{"rendered":"<p><span id=\"fbPhotoSnowliftCaption\" class=\"fbPhotosPhotoCaption\"><span class=\"hasCaption\">M\u00f5\u00f5dud: 26cm x 31cm<\/span><\/span><\/p>\n","protected":false},"featured_media":309,"comment_status":"open","ping_status":"closed","template":"","meta":[],"product_cat":[17],"product_tag":[],"class_list":["post-308","product","type-product","status-publish","has-post-thumbnail","hentry","product_cat-kaekotid"],"yoast_head":"<!-- This site is optimized with the Yoast SEO plugin v17.4 - https:\/\/yoast.com\/wordpress\/plugins\/seo\/ -->\n<title>K\u00e4ekott - Diora.ee<\/title>\n<meta name=\"robots\" content=\"noindex, follow, max-snippet:-1, max-image-preview:large, max-video-preview:-1\" \/>\n<meta property=\"og:locale\" content=\"et_EE\" \/>\n<meta property=\"og:type\" content=\"article\" \/>\n<meta property=\"og:title\" content=\"K\u00e4ekott - Diora.ee\" \/>\n<meta property=\"og:description\" content=\"M\u00f5\u00f5dud: 26cm x 31cm\" \/>\n<meta property=\"og:url\" content=\"https:\/\/beta.diora.ee\/wordpress\/product\/kaekott-9\/\" \/>\n<meta property=\"og:site_name\" content=\"Diora.ee\" \/>\n<meta property=\"article:modified_time\" content=\"2021-09-05T18:54:56+00:00\" \/>\n<meta property=\"og:image\" content=\"https:\/\/beta.diora.ee\/wordpress\/wp-content\/uploads\/2021\/09\/K1006.jpg\" \/>\n\t<meta property=\"og:image:width\" content=\"1280\" \/>\n\t<meta property=\"og:image:height\" content=\"893\" \/>\n<meta name=\"twitter:card\" content=\"summary_large_image\" \/>\n<script type=\"application\/ld+json\" class=\"yoast-schema-graph\">{\"@context\":\"https:\/\/schema.org\",\"@graph\":[{\"@type\":\"WebSite\",\"@id\":\"https:\/\/beta.diora.ee\/wordpress\/#website\",\"url\":\"https:\/\/beta.diora.ee\/wordpress\/\",\"name\":\"Diora.ee\",\"description\":\"J\\u00e4rjekordne WordPressi veebileht\",\"potentialAction\":[{\"@type\":\"SearchAction\",\"target\":{\"@type\":\"EntryPoint\",\"urlTemplate\":\"https:\/\/beta.diora.ee\/wordpress\/?s={search_term_string}\"},\"query-input\":\"required name=search_term_string\"}],\"inLanguage\":\"et\"},{\"@type\":\"ImageObject\",\"@id\":\"https:\/\/beta.diora.ee\/wordpress\/product\/kaekott-9\/#primaryimage\",\"inLanguage\":\"et\",\"url\":\"https:\/\/beta.diora.ee\/wordpress\/wp-content\/uploads\/2021\/09\/K1006.jpg\",\"contentUrl\":\"https:\/\/beta.diora.ee\/wordpress\/wp-content\/uploads\/2021\/09\/K1006.jpg\",\"width\":1280,\"height\":893},{\"@type\":\"WebPage\",\"@id\":\"https:\/\/beta.diora.ee\/wordpress\/product\/kaekott-9\/#webpage\",\"url\":\"https:\/\/beta.diora.ee\/wordpress\/product\/kaekott-9\/\",\"name\":\"K\\u00e4ekott - Diora.ee\",\"isPartOf\":{\"@id\":\"https:\/\/beta.diora.ee\/wordpress\/#website\"},\"primaryImageOfPage\":{\"@id\":\"https:\/\/beta.diora.ee\/wordpress\/product\/kaekott-9\/#primaryimage\"},\"datePublished\":\"2018-01-15T20:58:47+00:00\",\"dateModified\":\"2021-09-05T18:54:56+00:00\",\"breadcrumb\":{\"@id\":\"https:\/\/beta.diora.ee\/wordpress\/product\/kaekott-9\/#breadcrumb\"},\"inLanguage\":\"et\",\"potentialAction\":[{\"@type\":\"ReadAction\",\"target\":[\"https:\/\/beta.diora.ee\/wordpress\/product\/kaekott-9\/\"]}]},{\"@type\":\"BreadcrumbList\",\"@id\":\"https:\/\/beta.diora.ee\/wordpress\/product\/kaekott-9\/#breadcrumb\",\"itemListElement\":[{\"@type\":\"ListItem\",\"position\":1,\"name\":\"Home\",\"item\":\"https:\/\/beta.diora.ee\/wordpress\/\"},{\"@type\":\"ListItem\",\"position\":2,\"name\":\"Shop\",\"item\":\"https:\/\/beta.diora.ee\/wordpress\/shop\/\"},{\"@type\":\"ListItem\",\"position\":3,\"name\":\"K\\u00e4ekott\"}]}]}<\/script>\n<!-- \/ Yoast SEO plugin. -->","yoast_head_json":{"title":"K\u00e4ekott - Diora.ee","robots":{"index":"noindex","follow":"follow","max-snippet":"max-snippet:-1","max-image-preview":"max-image-preview:large","max-video-preview":"max-video-preview:-1"},"og_locale":"et_EE","og_type":"article","og_title":"K\u00e4ekott - Diora.ee","og_description":"M\u00f5\u00f5dud: 26cm x 31cm","og_url":"https:\/\/beta.diora.ee\/wordpress\/product\/kaekott-9\/","og_site_name":"Diora.ee","article_modified_time":"2021-09-05T18:54:56+00:00","og_image":[{"width":1280,"height":893,"url":"https:\/\/beta.diora.ee\/wordpress\/wp-content\/uploads\/2021\/09\/K1006.jpg","type":"image\/jpeg"}],"twitter_card":"summary_large_image","schema":{"@context":"https:\/\/schema.org","@graph":[{"@type":"WebSite","@id":"https:\/\/beta.diora.ee\/wordpress\/#website","url":"https:\/\/beta.diora.ee\/wordpress\/","name":"Diora.ee","description":"J\u00e4rjekordne WordPressi veebileht","potentialAction":[{"@type":"SearchAction","target":{"@type":"EntryPoint","urlTemplate":"https:\/\/beta.diora.ee\/wordpress\/?s={search_term_string}"},"query-input":"required name=search_term_string"}],"inLanguage":"et"},{"@type":"ImageObject","@id":"https:\/\/beta.diora.ee\/wordpress\/product\/kaekott-9\/#primaryimage","inLanguage":"et","url":"https:\/\/beta.diora.ee\/wordpress\/wp-content\/uploads\/2021\/09\/K1006.jpg","contentUrl":"https:\/\/beta.diora.ee\/wordpress\/wp-content\/uploads\/2021\/09\/K1006.jpg","width":1280,"height":893},{"@type":"WebPage","@id":"https:\/\/beta.diora.ee\/wordpress\/product\/kaekott-9\/#webpage","url":"https:\/\/beta.diora.ee\/wordpress\/product\/kaekott-9\/","name":"K\u00e4ekott - Diora.ee","isPartOf":{"@id":"https:\/\/beta.diora.ee\/wordpress\/#website"},"primaryImageOfPage":{"@id":"https:\/\/beta.diora.ee\/wordpress\/product\/kaekott-9\/#primaryimage"},"datePublished":"2018-01-15T20:58:47+00:00","dateModified":"2021-09-05T18:54:56+00:00","breadcrumb":{"@id":"https:\/\/beta.diora.ee\/wordpress\/product\/kaekott-9\/#breadcrumb"},"inLanguage":"et","potentialAction":[{"@type":"ReadAction","target":["https:\/\/beta.diora.ee\/wordpress\/product\/kaekott-9\/"]}]},{"@type":"BreadcrumbList","@id":"https:\/\/beta.diora.ee\/wordpress\/product\/kaekott-9\/#breadcrumb","itemListElement":[{"@type":"ListItem","position":1,"name":"Home","item":"https:\/\/beta.diora.ee\/wordpress\/"},{"@type":"ListItem","position":2,"name":"Shop","item":"https:\/\/beta.diora.ee\/wordpress\/shop\/"},{"@type":"ListItem","position":3,"name":"K\u00e4ekott"}]}]}},"_links":{"self":[{"href":"https:\/\/beta.diora.ee\/wordpress\/wp-json\/wp\/v2\/product\/308","targetHints":{"allow":["GET"]}}],"collection":[{"href":"https:\/\/beta.diora.ee\/wordpress\/wp-json\/wp\/v2\/product"}],"about":[{"href":"https:\/\/beta.diora.ee\/wordpress\/wp-json\/wp\/v2\/types\/product"}],"replies":[{"embeddable":true,"href":"https:\/\/beta.diora.ee\/wordpress\/wp-json\/wp\/v2\/comments?post=308"}],"wp:featuredmedia":[{"embeddable":true,"href":"https:\/\/beta.diora.ee\/wordpress\/wp-json\/wp\/v2\/media\/309"}],"wp:attachment":[{"href":"https:\/\/beta.diora.ee\/wordpress\/wp-json\/wp\/v2\/media?parent=308"}],"wp:term":[{"taxonomy":"product_cat","embeddable":true,"href":"https:\/\/beta.diora.ee\/wordpress\/wp-json\/wp\/v2\/product_cat?post=308"},{"taxonomy":"product_tag","embeddable":true,"href":"https:\/\/beta.diora.ee\/wordpress\/wp-json\/wp\/v2\/product_tag?post=308"}],"curies":[{"name":"wp","href":"https:\/\/api.w.org\/{rel}","templated":true}]}}